{"id":863,"date":"2023-02-13T06:03:59","date_gmt":"2023-02-13T06:03:59","guid":{"rendered":"https:\/\/friends.digitalfutures.ch\/?page_id=863"},"modified":"2024-06-26T16:46:53","modified_gmt":"2024-06-26T16:46:53","slug":"die-story","status":"publish","type":"page","link":"https:\/\/friends.digitalfutures.ch\/?page_id=863","title":{"rendered":"Die Story"},"content":{"rendered":"\t\t<div data-elementor-type=\"wp-page\" data-elementor-id=\"863\" class=\"elementor elementor-863\" data-elementor-post-type=\"page\">\n\t\t\t\t\t\t<section class=\"ob-is-breaking-bad elementor-section elementor-top-section elementor-element elementor-element-7dadfe3b elementor-section-stretched elementor-section-full_width elementor-section-height-min-height elementor-section-height-default elementor-section-items-middle\" data-id=\"7dadfe3b\" data-element_type=\"section\" data-e-type=\"section\" data-settings=\"{&quot;stretch_section&quot;:&quot;section-stretched&quot;,&quot;_ob_bbad_use_it&quot;:&quot;yes&quot;,&quot;_ob_bbad_sssic_use&quot;:&quot;no&quot;,&quot;_ob_glider_is_slider&quot;:&quot;no&quot;}\">\n\t\t\t\t\t\t<div class=\"elementor-container elementor-column-gap-default\">\n\t\t\t\t\t<div class=\"elementor-column elementor-col-50 elementor-top-column elementor-element elementor-element-1ce29d99\" data-id=\"1ce29d99\" data-element_type=\"column\" data-e-type=\"column\" data-settings=\"{&quot;_ob_bbad_is_stalker&quot;:&quot;no&quot;,&quot;_ob_teleporter_use&quot;:false,&quot;_ob_column_hoveranimator&quot;:&quot;no&quot;,&quot;_ob_column_has_pseudo&quot;:&quot;no&quot;}\">\n\t\t\t<div class=\"elementor-widget-wrap elementor-element-populated\">\n\t\t\t\t\t\t<div class=\"elementor-element elementor-element-3c8fc5e elementor-nav-menu--dropdown-tablet elementor-nav-menu__text-align-aside elementor-nav-menu--toggle elementor-nav-menu--burger ob-has-background-overlay elementor-widget elementor-widget-nav-menu\" data-id=\"3c8fc5e\" data-element_type=\"widget\" data-e-type=\"widget\" data-settings=\"{&quot;layout&quot;:&quot;horizontal&quot;,&quot;submenu_icon&quot;:{&quot;value&quot;:&quot;&lt;i class=\\&quot;fas fa-caret-down\\&quot; aria-hidden=\\&quot;true\\&quot;&gt;&lt;\\\/i&gt;&quot;,&quot;library&quot;:&quot;fa-solid&quot;},&quot;toggle&quot;:&quot;burger&quot;,&quot;_ob_perspektive_use&quot;:&quot;no&quot;,&quot;_ob_poopart_use&quot;:&quot;yes&quot;,&quot;_ob_shadough_use&quot;:&quot;no&quot;,&quot;_ob_allow_hoveranimator&quot;:&quot;no&quot;,&quot;_ob_widget_stalker_use&quot;:&quot;no&quot;}\" data-widget_type=\"nav-menu.default\">\n\t\t\t\t<div class=\"elementor-widget-container\">\n\t\t\t\t\t\t\t\t<nav aria-label=\"Men\u00fc\" class=\"elementor-nav-menu--main elementor-nav-menu__container elementor-nav-menu--layout-horizontal e--pointer-underline e--animation-fade\">\n\t\t\t\t<ul id=\"menu-1-3c8fc5e\" class=\"elementor-nav-menu\"><li class=\"menu-item menu-item-type-post_type menu-item-object-page menu-item-home menu-item-862\"><a href=\"https:\/\/friends.digitalfutures.ch\/\" class=\"elementor-item\">home<\/a><\/li>\n<li class=\"menu-item menu-item-type-post_type menu-item-object-page menu-item-861\"><a href=\"https:\/\/friends.digitalfutures.ch\/?page_id=627\" class=\"elementor-item\">dabei sein<\/a><\/li>\n<li class=\"menu-item menu-item-type-post_type menu-item-object-page menu-item-876\"><a href=\"https:\/\/friends.digitalfutures.ch\/?page_id=863\" class=\"elementor-item\">die story<\/a><\/li>\n<li class=\"menu-item menu-item-type-post_type menu-item-object-page menu-item-843\"><a href=\"https:\/\/friends.digitalfutures.ch\/?page_id=756\" class=\"elementor-item\">\u00fcber das projekt<\/a><\/li>\n<li class=\"menu-item menu-item-type-post_type menu-item-object-page menu-item-1139\"><a href=\"https:\/\/friends.digitalfutures.ch\/?page_id=1127\" class=\"elementor-item\">blog, output, resultate<\/a><\/li>\n<\/ul>\t\t\t<\/nav>\n\t\t\t\t\t<div class=\"elementor-menu-toggle\" role=\"button\" tabindex=\"0\" aria-label=\"Men\u00fc Umschalter\" aria-expanded=\"false\">\n\t\t\t<i aria-hidden=\"true\" role=\"presentation\" class=\"elementor-menu-toggle__icon--open eicon-menu-bar\"><\/i><i aria-hidden=\"true\" role=\"presentation\" class=\"elementor-menu-toggle__icon--close eicon-close\"><\/i>\t\t<\/div>\n\t\t\t\t\t<nav class=\"elementor-nav-menu--dropdown elementor-nav-menu__container\" aria-hidden=\"true\">\n\t\t\t\t<ul id=\"menu-2-3c8fc5e\" class=\"elementor-nav-menu\"><li class=\"menu-item menu-item-type-post_type menu-item-object-page menu-item-home menu-item-862\"><a href=\"https:\/\/friends.digitalfutures.ch\/\" class=\"elementor-item\" tabindex=\"-1\">home<\/a><\/li>\n<li class=\"menu-item menu-item-type-post_type menu-item-object-page menu-item-861\"><a href=\"https:\/\/friends.digitalfutures.ch\/?page_id=627\" class=\"elementor-item\" tabindex=\"-1\">dabei sein<\/a><\/li>\n<li class=\"menu-item menu-item-type-post_type menu-item-object-page menu-item-876\"><a href=\"https:\/\/friends.digitalfutures.ch\/?page_id=863\" class=\"elementor-item\" tabindex=\"-1\">die story<\/a><\/li>\n<li class=\"menu-item menu-item-type-post_type menu-item-object-page menu-item-843\"><a href=\"https:\/\/friends.digitalfutures.ch\/?page_id=756\" class=\"elementor-item\" tabindex=\"-1\">\u00fcber das projekt<\/a><\/li>\n<li class=\"menu-item menu-item-type-post_type menu-item-object-page menu-item-1139\"><a href=\"https:\/\/friends.digitalfutures.ch\/?page_id=1127\" class=\"elementor-item\" tabindex=\"-1\">blog, output, resultate<\/a><\/li>\n<\/ul>\t\t\t<\/nav>\n\t\t\t\t\t\t<\/div>\n\t\t\t\t<\/div>\n\t\t\t\t\t<\/div>\n\t\t<\/div>\n\t\t\t\t<div class=\"elementor-column elementor-col-50 elementor-top-column elementor-element elementor-element-270523db\" data-id=\"270523db\" data-element_type=\"column\" data-e-type=\"column\" data-settings=\"{&quot;_ob_bbad_is_stalker&quot;:&quot;no&quot;,&quot;_ob_teleporter_use&quot;:false,&quot;_ob_column_hoveranimator&quot;:&quot;no&quot;,&quot;_ob_column_has_pseudo&quot;:&quot;no&quot;}\">\n\t\t\t<div class=\"elementor-widget-wrap\">\n\t\t\t\t\t\t\t<\/div>\n\t\t<\/div>\n\t\t\t\t\t<\/div>\n\t\t<\/section>\n\t\t\t\t<section class=\"ob-is-breaking-bad elementor-section elementor-top-section elementor-element elementor-element-5e6c4bcf elementor-section-boxed elementor-section-height-default elementor-section-height-default\" data-id=\"5e6c4bcf\" data-element_type=\"section\" data-e-type=\"section\" data-settings=\"{&quot;_ob_bbad_use_it&quot;:&quot;yes&quot;,&quot;_ob_bbad_sssic_use&quot;:&quot;no&quot;,&quot;_ob_glider_is_slider&quot;:&quot;no&quot;}\">\n\t\t\t\t\t\t<div class=\"elementor-container elementor-column-gap-default\">\n\t\t\t\t\t<div class=\"elementor-column elementor-col-100 elementor-top-column elementor-element elementor-element-4ed3ef08\" data-id=\"4ed3ef08\" data-element_type=\"column\" data-e-type=\"column\" data-settings=\"{&quot;_ob_bbad_is_stalker&quot;:&quot;no&quot;,&quot;_ob_teleporter_use&quot;:false,&quot;_ob_column_hoveranimator&quot;:&quot;no&quot;,&quot;_ob_column_has_pseudo&quot;:&quot;no&quot;}\">\n\t\t\t<div class=\"elementor-widget-wrap elementor-element-populated\">\n\t\t\t\t\t\t<div class=\"elementor-element elementor-element-5ba9f1fb ob-harakiri-inherit ob-has-background-overlay elementor-widget elementor-widget-heading\" data-id=\"5ba9f1fb\" data-element_type=\"widget\" data-e-type=\"widget\" data-settings=\"{&quot;_ob_use_harakiri&quot;:&quot;yes&quot;,&quot;_ob_harakiri_writing_mode&quot;:&quot;inherit&quot;,&quot;_ob_harakiri_text_clip&quot;:&quot;none&quot;,&quot;_ob_perspektive_use&quot;:&quot;no&quot;,&quot;_ob_poopart_use&quot;:&quot;yes&quot;,&quot;_ob_shadough_use&quot;:&quot;no&quot;,&quot;_ob_allow_hoveranimator&quot;:&quot;no&quot;,&quot;_ob_widget_stalker_use&quot;:&quot;no&quot;}\" data-widget_type=\"heading.default\">\n\t\t\t\t<div class=\"elementor-widget-container\">\n\t\t\t\t\t<h2 class=\"elementor-heading-title elementor-size-default\">Die Story<\/h2>\t\t\t\t<\/div>\n\t\t\t\t<\/div>\n\t\t\t\t\t<\/div>\n\t\t<\/div>\n\t\t\t\t\t<\/div>\n\t\t<\/section>\n\t\t\t\t<section class=\"ob-is-breaking-bad elementor-section elementor-top-section elementor-element elementor-element-77c45933 elementor-section-boxed elementor-section-height-default elementor-section-height-default\" data-id=\"77c45933\" data-element_type=\"section\" data-e-type=\"section\" data-settings=\"{&quot;_ob_bbad_use_it&quot;:&quot;yes&quot;,&quot;_ob_bbad_sssic_use&quot;:&quot;no&quot;,&quot;_ob_glider_is_slider&quot;:&quot;no&quot;}\">\n\t\t\t\t\t\t<div class=\"elementor-container elementor-column-gap-default\">\n\t\t\t\t\t<div class=\"elementor-column elementor-col-100 elementor-top-column elementor-element elementor-element-7fa7c53d\" data-id=\"7fa7c53d\" data-element_type=\"column\" data-e-type=\"column\" data-settings=\"{&quot;_ob_bbad_is_stalker&quot;:&quot;no&quot;,&quot;_ob_teleporter_use&quot;:false,&quot;_ob_column_hoveranimator&quot;:&quot;no&quot;,&quot;_ob_column_has_pseudo&quot;:&quot;no&quot;}\">\n\t\t\t<div class=\"elementor-widget-wrap elementor-element-populated\">\n\t\t\t\t\t\t<section class=\"ob-is-breaking-bad ob-bb-inner elementor-section elementor-inner-section elementor-element elementor-element-1e2f3564 elementor-section-boxed elementor-section-height-default elementor-section-height-default\" data-id=\"1e2f3564\" data-element_type=\"section\" data-e-type=\"section\" data-settings=\"{&quot;_ob_bbad_use_it&quot;:&quot;yes&quot;,&quot;_ob_bbad_sssic_use&quot;:&quot;no&quot;,&quot;_ob_glider_is_slider&quot;:&quot;no&quot;}\">\n\t\t\t\t\t\t<div class=\"elementor-container elementor-column-gap-default\">\n\t\t\t\t\t<div class=\"elementor-column elementor-col-50 elementor-inner-column elementor-element elementor-element-2aeafafa\" data-id=\"2aeafafa\" data-element_type=\"column\" data-e-type=\"column\" data-settings=\"{&quot;_ob_bbad_is_stalker&quot;:&quot;no&quot;,&quot;_ob_teleporter_use&quot;:false,&quot;_ob_column_hoveranimator&quot;:&quot;no&quot;,&quot;_ob_column_has_pseudo&quot;:&quot;no&quot;}\">\n\t\t\t<div class=\"elementor-widget-wrap elementor-element-populated\">\n\t\t\t\t\t\t<div class=\"elementor-element elementor-element-168686b6 ob-has-background-overlay elementor-widget elementor-widget-image\" data-id=\"168686b6\" data-element_type=\"widget\" data-e-type=\"widget\" data-settings=\"{&quot;_ob_photomorph_use&quot;:&quot;no&quot;,&quot;_ob_perspektive_use&quot;:&quot;no&quot;,&quot;_ob_poopart_use&quot;:&quot;yes&quot;,&quot;_ob_shadough_use&quot;:&quot;no&quot;,&quot;_ob_allow_hoveranimator&quot;:&quot;no&quot;,&quot;_ob_widget_stalker_use&quot;:&quot;no&quot;}\" data-widget_type=\"image.default\">\n\t\t\t\t<div class=\"elementor-widget-container\">\n\t\t\t\t\t\t\t\t\t\t\t\t\t\t\t<img fetchpriority=\"high\" decoding=\"async\" width=\"751\" height=\"1024\" src=\"https:\/\/friends.digitalfutures.ch\/wp-content\/uploads\/2023\/02\/WG_Kachel_mit-Namen-751x1024.png\" class=\"attachment-large size-large wp-image-559\" alt=\"\" srcset=\"https:\/\/friends.digitalfutures.ch\/wp-content\/uploads\/2023\/02\/WG_Kachel_mit-Namen-751x1024.png 751w, https:\/\/friends.digitalfutures.ch\/wp-content\/uploads\/2023\/02\/WG_Kachel_mit-Namen-220x300.png 220w, https:\/\/friends.digitalfutures.ch\/wp-content\/uploads\/2023\/02\/WG_Kachel_mit-Namen-768x1047.png 768w, https:\/\/friends.digitalfutures.ch\/wp-content\/uploads\/2023\/02\/WG_Kachel_mit-Namen-1127x1536.png 1127w, https:\/\/friends.digitalfutures.ch\/wp-content\/uploads\/2023\/02\/WG_Kachel_mit-Namen-1502x2048.png 1502w, https:\/\/friends.digitalfutures.ch\/wp-content\/uploads\/2023\/02\/WG_Kachel_mit-Namen.png 1811w\" sizes=\"(max-width: 751px) 100vw, 751px\" \/>\t\t\t\t\t\t\t\t\t\t\t\t\t\t\t<\/div>\n\t\t\t\t<\/div>\n\t\t\t\t\t<\/div>\n\t\t<\/div>\n\t\t\t\t<div class=\"elementor-column elementor-col-50 elementor-inner-column elementor-element elementor-element-3bf3252d\" data-id=\"3bf3252d\" data-element_type=\"column\" data-e-type=\"column\" data-settings=\"{&quot;_ob_bbad_is_stalker&quot;:&quot;no&quot;,&quot;_ob_teleporter_use&quot;:false,&quot;_ob_column_hoveranimator&quot;:&quot;no&quot;,&quot;_ob_column_has_pseudo&quot;:&quot;no&quot;}\">\n\t\t\t<div class=\"elementor-widget-wrap elementor-element-populated\">\n\t\t\t\t\t\t<div class=\"elementor-element elementor-element-16ac3245 ob-harakiri-inherit ob-has-background-overlay elementor-widget elementor-widget-text-editor\" data-id=\"16ac3245\" data-element_type=\"widget\" data-e-type=\"widget\" data-settings=\"{&quot;_ob_use_harakiri&quot;:&quot;yes&quot;,&quot;_ob_harakiri_writing_mode&quot;:&quot;inherit&quot;,&quot;_ob_postman_use&quot;:&quot;no&quot;,&quot;_ob_perspektive_use&quot;:&quot;no&quot;,&quot;_ob_poopart_use&quot;:&quot;yes&quot;,&quot;_ob_shadough_use&quot;:&quot;no&quot;,&quot;_ob_allow_hoveranimator&quot;:&quot;no&quot;,&quot;_ob_widget_stalker_use&quot;:&quot;no&quot;}\" data-widget_type=\"text-editor.default\">\n\t\t\t\t<div class=\"elementor-widget-container\">\n\t\t\t\t\t\t\t\t\t<p>Willkommen in der Zukunft! Du wirst eine Geschichte erleben, deren Verlauf du durch deine Entscheidungen beeinflussen kannst.<\/p><p>Du befindest dich in der Agglomeration einer grossen Schweizer Stadt. Du ziehst gerade in diese Stadt, weil du hier einen neuen Job gefunden hast. Die Schweiz hat sich ver\u00e4ndert. Der Wohnraum in der Stadt ist eng. Die Menschen hocken nah aufeinander. Die Ressourcen und Arbeitspl\u00e4tze in der globalisierten und automatisierten Welt werden zunehmend knapper. Wie viele andere lebst du von tempor\u00e4ren Auftr\u00e4gen und ziehst wie ein Nomade durch die Arbeitwelt.<\/p><p>Nun suchst du ein WG-Zimmer. Neu in der Stadt? Ganz allein? Dann installiere die TipTop App. Alles in einem: Social Media, Navigation, Kalender, Sprachassistenz, immer an deiner Seite. Unverzichtbar auch f\u00fcr die Zimmersuche! TipTop hat bereits einen Besichtigungstermin in einer passenden WG f\u00fcr dich organisiert.<\/p><p>Wirst du bei Gwendolin, David, Sascha und Noemi einziehen?<\/p><p>Entscheide selbst im <a href=\"https:\/\/friends.digitalfutures.ch\/?page_id=627\">Virtual Reality Szenario<\/a>\u00a0und tauche ein in deine fiktive Zukunft mit k\u00fcnstlich intelligenten Wesen, die \u00fcber emotionale F\u00e4higkeiten verf\u00fcgen.<\/p><p><span style=\"text-decoration: underline;\"><a href=\"https:\/\/friends.digitalfutures.ch\/?page_id=627\">Hier erf\u00e4hrst du, wo und wann du diese Zeitreise mit der VR-Brille antreten kannst.<\/a><\/span><\/p>\t\t\t\t\t\t\t\t<\/div>\n\t\t\t\t<\/div>\n\t\t\t\t\t<\/div>\n\t\t<\/div>\n\t\t\t\t\t<\/div>\n\t\t<\/section>\n\t\t\t\t\t<\/div>\n\t\t<\/div>\n\t\t\t\t\t<\/div>\n\t\t<\/section>\n\t\t\t\t<\/div>\n\t\t","protected":false},"excerpt":{"rendered":"<p>Die Story Willkommen in der Zukunft! Du wirst eine Geschichte erleben, deren Verlauf du durch deine Entscheidungen beeinflussen kannst. Du befindest dich in der Agglomeration einer grossen Schweizer Stadt. Du ziehst gerade in diese Stadt, weil du hier einen neuen [&hellip;]<\/p>\n","protected":false},"author":1,"featured_media":0,"parent":222,"menu_order":0,"comment_status":"closed","ping_status":"closed","template":"","meta":{"footnotes":""},"class_list":["post-863","page","type-page","status-publish","hentry"],"_links":{"self":[{"href":"https:\/\/friends.digitalfutures.ch\/index.php?rest_route=\/wp\/v2\/pages\/863","targetHints":{"allow":["GET"]}}],"collection":[{"href":"https:\/\/friends.digitalfutures.ch\/index.php?rest_route=\/wp\/v2\/pages"}],"about":[{"href":"https:\/\/friends.digitalfutures.ch\/index.php?rest_route=\/wp\/v2\/types\/page"}],"author":[{"embeddable":true,"href":"https:\/\/friends.digitalfutures.ch\/index.php?rest_route=\/wp\/v2\/users\/1"}],"replies":[{"embeddable":true,"href":"https:\/\/friends.digitalfutures.ch\/index.php?rest_route=%2Fwp%2Fv2%2Fcomments&post=863"}],"version-history":[{"count":26,"href":"https:\/\/friends.digitalfutures.ch\/index.php?rest_route=\/wp\/v2\/pages\/863\/revisions"}],"predecessor-version":[{"id":1508,"href":"https:\/\/friends.digitalfutures.ch\/index.php?rest_route=\/wp\/v2\/pages\/863\/revisions\/1508"}],"up":[{"embeddable":true,"href":"https:\/\/friends.digitalfutures.ch\/index.php?rest_route=\/wp\/v2\/pages\/222"}],"wp:attachment":[{"href":"https:\/\/friends.digitalfutures.ch\/index.php?rest_route=%2Fwp%2Fv2%2Fmedia&parent=863"}],"curies":[{"name":"wp","href":"https:\/\/api.w.org\/{rel}","templated":true}]}}